{"id":3015,"date":"2015-03-24T17:48:22","date_gmt":"2015-03-24T17:48:22","guid":{"rendered":"http:\/\/www.missespolifoniques.com\/index.php\/service-2\/"},"modified":"2018-01-03T18:46:13","modified_gmt":"2018-01-03T18:46:13","slug":"service-2","status":"publish","type":"page","link":"http:\/\/www.missespolifoniques.com\/index.php\/service-2\/?lang=es","title":{"rendered":"MISAS POLIF\u00d3NICAS"},"content":{"rendered":"<section  class=\"content-section full-width with-col cover custom-padding no-margin    content-section-69f263f9959b5\"><div class=\"row vc_row-fluid\"><div class=\"wpb_column col-md-6 col-sm-6\"><h3  class=\"banner-heading font-alt mb-30 mb-xxs-10\" >LOS OR\u00cdGENES<\/h3><div class=\"section-text text-block \" ><p>El proyecto de las Misas Polif\u00f3nicas surgi\u00f3 en 2012 del prop\u00f3sito de un grupo de amigos de organizar en Barcelona una temporada de audiciones de m\u00fasica lit\u00fargica interpretada en iglesias y en el marco de las ceremonias para las que fueron creadas, a la manera como se hace en diferentes pa\u00edses europeos, principalmente en Alemania y Austria, expresando as\u00ed la tradici\u00f3n religiosa que las hizo posibles.<\/p>\n<p>De cara a garantizar la m\u00e1xima calidad de las interpretaciones, el proyecto impuls\u00f3 la creaci\u00f3n de un conjunto vocal propio, Barcelona Ars Nova, bajo la direcci\u00f3n de Mireia Barrera, que re\u00fane un conjunto de solistas vocales de alta calidad.<\/p>\n<\/div><\/div><div class=\"wpb_column col-md-6\"><h3  class=\"banner-heading font-alt mb-30 mb-xxs-10\" >TRAYECTORIA<\/h3><div class=\"section-text text-block \" ><p>Desde sus inicios, en 2012, el proyecto de las Misas polif\u00f3nicas ha sido acogido con gran \u00e9xito, llenando las iglesias donde se han celebrado las diferentes misas de un p\u00fablico de asistentes que han sido testigos de la enorme calidad de la iniciativa y que han podido disfrutar de la uni\u00f3n feliz de m\u00fasica, liturgia y patrimonio.<\/p>\n<p>Con el objetivo de crear una plataforma que sostuviera la iniciativa, as\u00ed como para recaudar los fondos necesarios para que el proyecto pudiera salir adelante a trav\u00e9s de las aportaciones de patrocinadores, particulares y de ellos mismos, los impulsores constituyeron la Asociaci\u00f3n amigos de las Misas polif\u00f3nicas.<\/p>\n<p>Desde el 2015, la actividad de la Asociaci\u00f3n se ha extendido y anualmente se organiza una Misa Polif\u00f3nica en Navarra. En mayo de 2017 se celebr\u00f3 una Misa Polif\u00f3nica el Monasterio de San Lorenzo de Guardiola de Bergued\u00e0, en ocasi\u00f3n de las actividades conmemorativas del CEU que organiz\u00f3 Logos Begued\u00e0. En paralelo, recientemente se ha iniciado la programaci\u00f3n de una serie de charlas sobre la m\u00fasica que se interpreta en las Misas y que organiza el Hotel Alma. &#8220;,<\/p>\n<\/div><\/div><\/div><\/section>\n","protected":false},"excerpt":{"rendered":"LOS OR\u00cdGENESEl proyecto de las Misas Polif\u00f3nicas surgi\u00f3 en 2012 del prop\u00f3sito de un grupo de amigos de organizar en Barcelona una temporada de audiciones de m\u00fasica lit\u00fargica interpretada en iglesias y en el marco de las ceremonias para las que fueron creadas, a la manera como se hace en diferentes pa\u00edses europeos, principalmente en","protected":false},"author":1,"featured_media":0,"parent":0,"menu_order":0,"comment_status":"open","ping_status":"closed","template":"","meta":{"_acf_changed":false,"_monsterinsights_skip_tracking":false,"_monsterinsights_sitenote_active":false,"_monsterinsights_sitenote_note":"","_monsterinsights_sitenote_category":0,"footnotes":""},"acf":[],"yoast_head":"<!-- This site is optimized with the Yoast SEO plugin v22.6 - https:\/\/yoast.com\/wordpress\/plugins\/seo\/ -->\n<title>MISAS POLIF\u00d3NICAS - Missespolifoniques<\/title>\n<meta name=\"robots\" content=\"index, follow, max-snippet:-1, max-image-preview:large, max-video-preview:-1\" \/>\n<link rel=\"canonical\" href=\"http:\/\/www.missespolifoniques.com\/index.php\/service-2\/?lang=es\" \/>\n<meta property=\"og:locale\" content=\"ca_ES\" \/>\n<meta property=\"og:type\" content=\"article\" \/>\n<meta property=\"og:title\" content=\"MISAS POLIF\u00d3NICAS - Missespolifoniques\" \/>\n<meta property=\"og:url\" content=\"http:\/\/www.missespolifoniques.com\/index.php\/service-2\/?lang=es\" \/>\n<meta property=\"og:site_name\" content=\"Missespolifoniques\" \/>\n<meta property=\"article:modified_time\" content=\"2018-01-03T18:46:13+00:00\" \/>\n<meta name=\"twitter:card\" content=\"summary_large_image\" \/>\n<meta name=\"twitter:label1\" content=\"Temps estimat de lectura\" \/>\n\t<meta name=\"twitter:data1\" content=\"2 minuts\" \/>\n<script type=\"application\/ld+json\" class=\"yoast-schema-graph\">{\"@context\":\"https:\/\/schema.org\",\"@graph\":[{\"@type\":\"WebPage\",\"@id\":\"http:\/\/www.missespolifoniques.com\/index.php\/service-2\/?lang=es\",\"url\":\"http:\/\/www.missespolifoniques.com\/index.php\/service-2\/?lang=es\",\"name\":\"MISAS POLIF\u00d3NICAS - Missespolifoniques\",\"isPartOf\":{\"@id\":\"http:\/\/www.missespolifoniques.com\/#website\"},\"datePublished\":\"2015-03-24T17:48:22+00:00\",\"dateModified\":\"2018-01-03T18:46:13+00:00\",\"breadcrumb\":{\"@id\":\"http:\/\/www.missespolifoniques.com\/index.php\/service-2\/?lang=es#breadcrumb\"},\"inLanguage\":\"ca\",\"potentialAction\":[{\"@type\":\"ReadAction\",\"target\":[\"http:\/\/www.missespolifoniques.com\/index.php\/service-2\/?lang=es\"]}]},{\"@type\":\"BreadcrumbList\",\"@id\":\"http:\/\/www.missespolifoniques.com\/index.php\/service-2\/?lang=es#breadcrumb\",\"itemListElement\":[{\"@type\":\"ListItem\",\"position\":1,\"name\":\"Portada\",\"item\":\"http:\/\/www.missespolifoniques.com\/\"},{\"@type\":\"ListItem\",\"position\":2,\"name\":\"MISAS POLIF\u00d3NICAS\"}]},{\"@type\":\"WebSite\",\"@id\":\"http:\/\/www.missespolifoniques.com\/#website\",\"url\":\"http:\/\/www.missespolifoniques.com\/\",\"name\":\"Missespolifoniques\",\"description\":\"MISSES POLIF\u00d2NIQUES\",\"potentialAction\":[{\"@type\":\"SearchAction\",\"target\":{\"@type\":\"EntryPoint\",\"urlTemplate\":\"http:\/\/www.missespolifoniques.com\/?s={search_term_string}\"},\"query-input\":\"required name=search_term_string\"}],\"inLanguage\":\"ca\"}]}<\/script>\n<!-- \/ Yoast SEO plugin. -->","yoast_head_json":{"title":"MISAS POLIF\u00d3NICAS - Missespolifoniques","robots":{"index":"index","follow":"follow","max-snippet":"max-snippet:-1","max-image-preview":"max-image-preview:large","max-video-preview":"max-video-preview:-1"},"canonical":"http:\/\/www.missespolifoniques.com\/index.php\/service-2\/?lang=es","og_locale":"ca_ES","og_type":"article","og_title":"MISAS POLIF\u00d3NICAS - Missespolifoniques","og_url":"http:\/\/www.missespolifoniques.com\/index.php\/service-2\/?lang=es","og_site_name":"Missespolifoniques","article_modified_time":"2018-01-03T18:46:13+00:00","twitter_card":"summary_large_image","twitter_misc":{"Temps estimat de lectura":"2 minuts"},"schema":{"@context":"https:\/\/schema.org","@graph":[{"@type":"WebPage","@id":"http:\/\/www.missespolifoniques.com\/index.php\/service-2\/?lang=es","url":"http:\/\/www.missespolifoniques.com\/index.php\/service-2\/?lang=es","name":"MISAS POLIF\u00d3NICAS - Missespolifoniques","isPartOf":{"@id":"http:\/\/www.missespolifoniques.com\/#website"},"datePublished":"2015-03-24T17:48:22+00:00","dateModified":"2018-01-03T18:46:13+00:00","breadcrumb":{"@id":"http:\/\/www.missespolifoniques.com\/index.php\/service-2\/?lang=es#breadcrumb"},"inLanguage":"ca","potentialAction":[{"@type":"ReadAction","target":["http:\/\/www.missespolifoniques.com\/index.php\/service-2\/?lang=es"]}]},{"@type":"BreadcrumbList","@id":"http:\/\/www.missespolifoniques.com\/index.php\/service-2\/?lang=es#breadcrumb","itemListElement":[{"@type":"ListItem","position":1,"name":"Portada","item":"http:\/\/www.missespolifoniques.com\/"},{"@type":"ListItem","position":2,"name":"MISAS POLIF\u00d3NICAS"}]},{"@type":"WebSite","@id":"http:\/\/www.missespolifoniques.com\/#website","url":"http:\/\/www.missespolifoniques.com\/","name":"Missespolifoniques","description":"MISSES POLIF\u00d2NIQUES","potentialAction":[{"@type":"SearchAction","target":{"@type":"EntryPoint","urlTemplate":"http:\/\/www.missespolifoniques.com\/?s={search_term_string}"},"query-input":"required name=search_term_string"}],"inLanguage":"ca"}]}},"_links":{"self":[{"href":"http:\/\/www.missespolifoniques.com\/index.php\/wp-json\/wp\/v2\/pages\/3015"}],"collection":[{"href":"http:\/\/www.missespolifoniques.com\/index.php\/wp-json\/wp\/v2\/pages"}],"about":[{"href":"http:\/\/www.missespolifoniques.com\/index.php\/wp-json\/wp\/v2\/types\/page"}],"author":[{"embeddable":true,"href":"http:\/\/www.missespolifoniques.com\/index.php\/wp-json\/wp\/v2\/users\/1"}],"replies":[{"embeddable":true,"href":"http:\/\/www.missespolifoniques.com\/index.php\/wp-json\/wp\/v2\/comments?post=3015"}],"version-history":[{"count":1,"href":"http:\/\/www.missespolifoniques.com\/index.php\/wp-json\/wp\/v2\/pages\/3015\/revisions"}],"predecessor-version":[{"id":3019,"href":"http:\/\/www.missespolifoniques.com\/index.php\/wp-json\/wp\/v2\/pages\/3015\/revisions\/3019"}],"wp:attachment":[{"href":"http:\/\/www.missespolifoniques.com\/index.php\/wp-json\/wp\/v2\/media?parent=3015"}],"curies":[{"name":"wp","href":"https:\/\/api.w.org\/{rel}","templated":true}]}}