{"id":1875,"date":"2015-03-24T17:48:22","date_gmt":"2015-03-24T17:48:22","guid":{"rendered":"http:\/\/rhythmwp.staging.wpengine.com\/?page_id=1875"},"modified":"2017-09-28T10:50:42","modified_gmt":"2017-09-28T10:50:42","slug":"service-2","status":"publish","type":"page","link":"http:\/\/www.missespolifoniques.com\/index.php\/service-2\/","title":{"rendered":"MISSES POLIF\u00d2NIQUES"},"content":{"rendered":"<section  class=\"content-section full-width with-col cover custom-padding no-margin    content-section-69f25380a335d\"><div class=\"row vc_row-fluid\"><div class=\"wpb_column col-md-6 col-sm-6\"><h3  class=\"banner-heading font-alt mb-30 mb-xxs-10\" >ELS OR\u00cdGENS<\/h3><div class=\"section-text text-block \" ><p style=\"text-align: left\"><span style=\"color: #000000\">El projecte de les Misses Polif\u00f2niques va sorgir el 2012 del prop\u00f2sit d\u2019un grup d\u2019amics d\u2019organitzar a Barcelona una temporada d\u2019audicions de m\u00fasica lit\u00fargica interpretada en esgl\u00e9sies i en el marc de les cerim\u00f2nies per a les quals van ser creades, a la manera com es fa a diferents pa\u00efsos europeus, principalment a Alemanya i a \u00c0ustria, expressant aix\u00ed la tradici\u00f3 religiosa que les va fer posibles.<\/span><\/p>\n<p style=\"text-align: left\"><span style=\"color: #000000\">De cara a garantir la m\u00e0xima qualitat de les interpretacions, el projecte va impulsar la creaci\u00f3 d\u2019un conjunt vocal propi, Barcelona Ars Nova, sota la direcci\u00f3 de Mireia Barrera, que aplega un conjunt de solistes vocals d\u2019alta qualitat.<\/span><\/p>\n<\/div><\/div><div class=\"wpb_column col-md-6\"><h3  class=\"banner-heading font-alt mb-30 mb-xxs-10\" >TRAJECT\u00d2RIA<\/h3><div class=\"section-text text-block \" ><p><span style=\"color: #333333\">Des dels seus inicis, el 2012, el projecte de les Misses polif\u00f2niques ha estat acollit amb gran \u00e8xit, omplint les esgl\u00e9sies on s\u2019han celebrat les diferents misses d\u2019un p\u00fablic d\u2019assistents que han estat testimonis de l\u2019enorme qualitat de la iniciativa i que han pogut gaudir de la uni\u00f3 feli\u00e7 de m\u00fasica, lit\u00fargia i patrimoni.<\/span><\/p>\n<p><span style=\"color: #333333\">Amb l\u2019objectiu de crear una plataforma que sostingu\u00e9s la iniciativa, aix\u00ed com per recaptar els fons necessaris per tal que el projecte pogu\u00e9s tirar endavant a trav\u00e9s de les aportacions de patrocinadors, particulars i d\u2019ells mateixos, els impulsors van constituir l\u2019Associaci\u00f3 Amics de les Misses polif\u00f2niques.<\/span><\/p>\n<p>Des del 2015, l\u2019activitat de l\u2019Associaci\u00f3 s\u2019ha est\u00e8s i anualment s\u2019organitza una Missa Polif\u00f2nica a Navarra. El maig del 2017 es va celebrar una Missa Polif\u00f2nica al Monestir de Sant Lloren\u00e7 de Guardiola de Bergued\u00e0, en ocasi\u00f3 de les activitats commemoratives de l\u2019Abat Oliba que va organitzar Logos Begued\u00e0. En paral\u00b7lel, recentment s\u2019ha iniciat la programaci\u00f3 d\u2019un seguit de xerrades sobre la m\u00fasica que s\u2019interpreta a les Misses i que organitza l\u2019Hotel Alma.\u201d,<\/p>\n<\/div><\/div><\/div><\/section>\n","protected":false},"excerpt":{"rendered":"ELS OR\u00cdGENSEl projecte de les Misses Polif\u00f2niques va sorgir el 2012 del prop\u00f2sit d\u2019un grup d\u2019amics d\u2019organitzar a Barcelona una temporada d\u2019audicions de m\u00fasica lit\u00fargica interpretada en esgl\u00e9sies i en el marc de les cerim\u00f2nies per a les quals van ser creades, a la manera com es fa a diferents pa\u00efsos europeus, principalment a Alemanya","protected":false},"author":1,"featured_media":0,"parent":0,"menu_order":0,"comment_status":"open","ping_status":"closed","template":"","meta":{"_acf_changed":false,"_monsterinsights_skip_tracking":false,"_monsterinsights_sitenote_active":false,"_monsterinsights_sitenote_note":"","_monsterinsights_sitenote_category":0,"footnotes":""},"acf":[],"yoast_head":"<!-- This site is optimized with the Yoast SEO plugin v22.6 - https:\/\/yoast.com\/wordpress\/plugins\/seo\/ -->\n<title>MISSES POLIF\u00d2NIQUES - Missespolifoniques<\/title>\n<meta name=\"robots\" content=\"index, follow, max-snippet:-1, max-image-preview:large, max-video-preview:-1\" \/>\n<link rel=\"canonical\" href=\"http:\/\/www.missespolifoniques.com\/index.php\/service-2\/\" \/>\n<meta property=\"og:locale\" content=\"ca_ES\" \/>\n<meta property=\"og:type\" content=\"article\" \/>\n<meta property=\"og:title\" content=\"MISSES POLIF\u00d2NIQUES - Missespolifoniques\" \/>\n<meta property=\"og:url\" content=\"http:\/\/www.missespolifoniques.com\/index.php\/service-2\/\" \/>\n<meta property=\"og:site_name\" content=\"Missespolifoniques\" \/>\n<meta property=\"article:modified_time\" content=\"2017-09-28T10:50:42+00:00\" \/>\n<meta name=\"twitter:card\" content=\"summary_large_image\" \/>\n<meta name=\"twitter:label1\" content=\"Temps estimat de lectura\" \/>\n\t<meta name=\"twitter:data1\" content=\"2 minuts\" \/>\n<script type=\"application\/ld+json\" class=\"yoast-schema-graph\">{\"@context\":\"https:\/\/schema.org\",\"@graph\":[{\"@type\":\"WebPage\",\"@id\":\"http:\/\/www.missespolifoniques.com\/index.php\/service-2\/\",\"url\":\"http:\/\/www.missespolifoniques.com\/index.php\/service-2\/\",\"name\":\"MISSES POLIF\u00d2NIQUES - Missespolifoniques\",\"isPartOf\":{\"@id\":\"http:\/\/www.missespolifoniques.com\/#website\"},\"datePublished\":\"2015-03-24T17:48:22+00:00\",\"dateModified\":\"2017-09-28T10:50:42+00:00\",\"breadcrumb\":{\"@id\":\"http:\/\/www.missespolifoniques.com\/index.php\/service-2\/#breadcrumb\"},\"inLanguage\":\"ca\",\"potentialAction\":[{\"@type\":\"ReadAction\",\"target\":[\"http:\/\/www.missespolifoniques.com\/index.php\/service-2\/\"]}]},{\"@type\":\"BreadcrumbList\",\"@id\":\"http:\/\/www.missespolifoniques.com\/index.php\/service-2\/#breadcrumb\",\"itemListElement\":[{\"@type\":\"ListItem\",\"position\":1,\"name\":\"Portada\",\"item\":\"http:\/\/www.missespolifoniques.com\/\"},{\"@type\":\"ListItem\",\"position\":2,\"name\":\"MISSES POLIF\u00d2NIQUES\"}]},{\"@type\":\"WebSite\",\"@id\":\"http:\/\/www.missespolifoniques.com\/#website\",\"url\":\"http:\/\/www.missespolifoniques.com\/\",\"name\":\"Missespolifoniques\",\"description\":\"MISSES POLIF\u00d2NIQUES\",\"potentialAction\":[{\"@type\":\"SearchAction\",\"target\":{\"@type\":\"EntryPoint\",\"urlTemplate\":\"http:\/\/www.missespolifoniques.com\/?s={search_term_string}\"},\"query-input\":\"required name=search_term_string\"}],\"inLanguage\":\"ca\"}]}<\/script>\n<!-- \/ Yoast SEO plugin. -->","yoast_head_json":{"title":"MISSES POLIF\u00d2NIQUES - Missespolifoniques","robots":{"index":"index","follow":"follow","max-snippet":"max-snippet:-1","max-image-preview":"max-image-preview:large","max-video-preview":"max-video-preview:-1"},"canonical":"http:\/\/www.missespolifoniques.com\/index.php\/service-2\/","og_locale":"ca_ES","og_type":"article","og_title":"MISSES POLIF\u00d2NIQUES - Missespolifoniques","og_url":"http:\/\/www.missespolifoniques.com\/index.php\/service-2\/","og_site_name":"Missespolifoniques","article_modified_time":"2017-09-28T10:50:42+00:00","twitter_card":"summary_large_image","twitter_misc":{"Temps estimat de lectura":"2 minuts"},"schema":{"@context":"https:\/\/schema.org","@graph":[{"@type":"WebPage","@id":"http:\/\/www.missespolifoniques.com\/index.php\/service-2\/","url":"http:\/\/www.missespolifoniques.com\/index.php\/service-2\/","name":"MISSES POLIF\u00d2NIQUES - Missespolifoniques","isPartOf":{"@id":"http:\/\/www.missespolifoniques.com\/#website"},"datePublished":"2015-03-24T17:48:22+00:00","dateModified":"2017-09-28T10:50:42+00:00","breadcrumb":{"@id":"http:\/\/www.missespolifoniques.com\/index.php\/service-2\/#breadcrumb"},"inLanguage":"ca","potentialAction":[{"@type":"ReadAction","target":["http:\/\/www.missespolifoniques.com\/index.php\/service-2\/"]}]},{"@type":"BreadcrumbList","@id":"http:\/\/www.missespolifoniques.com\/index.php\/service-2\/#breadcrumb","itemListElement":[{"@type":"ListItem","position":1,"name":"Portada","item":"http:\/\/www.missespolifoniques.com\/"},{"@type":"ListItem","position":2,"name":"MISSES POLIF\u00d2NIQUES"}]},{"@type":"WebSite","@id":"http:\/\/www.missespolifoniques.com\/#website","url":"http:\/\/www.missespolifoniques.com\/","name":"Missespolifoniques","description":"MISSES POLIF\u00d2NIQUES","potentialAction":[{"@type":"SearchAction","target":{"@type":"EntryPoint","urlTemplate":"http:\/\/www.missespolifoniques.com\/?s={search_term_string}"},"query-input":"required name=search_term_string"}],"inLanguage":"ca"}]}},"_links":{"self":[{"href":"http:\/\/www.missespolifoniques.com\/index.php\/wp-json\/wp\/v2\/pages\/1875"}],"collection":[{"href":"http:\/\/www.missespolifoniques.com\/index.php\/wp-json\/wp\/v2\/pages"}],"about":[{"href":"http:\/\/www.missespolifoniques.com\/index.php\/wp-json\/wp\/v2\/types\/page"}],"author":[{"embeddable":true,"href":"http:\/\/www.missespolifoniques.com\/index.php\/wp-json\/wp\/v2\/users\/1"}],"replies":[{"embeddable":true,"href":"http:\/\/www.missespolifoniques.com\/index.php\/wp-json\/wp\/v2\/comments?post=1875"}],"version-history":[{"count":19,"href":"http:\/\/www.missespolifoniques.com\/index.php\/wp-json\/wp\/v2\/pages\/1875\/revisions"}],"predecessor-version":[{"id":2844,"href":"http:\/\/www.missespolifoniques.com\/index.php\/wp-json\/wp\/v2\/pages\/1875\/revisions\/2844"}],"wp:attachment":[{"href":"http:\/\/www.missespolifoniques.com\/index.php\/wp-json\/wp\/v2\/media?parent=1875"}],"curies":[{"name":"wp","href":"https:\/\/api.w.org\/{rel}","templated":true}]}}